{"id":511,"date":"2017-08-19T00:35:04","date_gmt":"2017-08-18T21:35:04","guid":{"rendered":"https:\/\/romchimica.ro\/sustainability\/"},"modified":"2026-01-30T12:01:43","modified_gmt":"2026-01-30T10:01:43","slug":"sustainability","status":"publish","type":"page","link":"https:\/\/romchimica.ro\/en\/sustainability\/","title":{"rendered":"Reports"},"content":{"rendered":"\t\t<div data-elementor-type=\"wp-post\" data-elementor-id=\"511\" class=\"elementor elementor-511 elementor-63\" data-elementor-post-type=\"page\">\n\t\t\t\t\t\t<section class=\"elementor-section elementor-top-section elementor-element elementor-element-eb2e1ce elementor-section-content-middle elementor-section-boxed elementor-section-height-default elementor-section-height-default\" data-id=\"eb2e1ce\" data-element_type=\"section\" data-e-type=\"section\" data-settings=\"{&quot;background_background&quot;:&quot;classic&quot;}\">\n\t\t\t\t\t\t<div class=\"elementor-container elementor-column-gap-no\">\n\t\t\t\t\t<div class=\"elementor-column elementor-col-100 elementor-top-column elementor-element elementor-element-9334e72\" data-id=\"9334e72\" data-element_type=\"column\" data-e-type=\"column\">\n\t\t\t<div class=\"elementor-widget-wrap elementor-element-populated\">\n\t\t\t\t\t\t<div class=\"elementor-element elementor-element-9e17960 elementor-widget elementor-widget-heading\" data-id=\"9e17960\" data-element_type=\"widget\" data-e-type=\"widget\" data-widget_type=\"heading.default\">\n\t\t\t\t<div class=\"elementor-widget-container\">\n\t\t\t\t\t<h3 class=\"elementor-heading-title elementor-size-default\">Reports<\/h3>\t\t\t\t<\/div>\n\t\t\t\t<\/div>\n\t\t\t\t<div class=\"elementor-element elementor-element-7858e89 elementor-widget-divider--view-line elementor-widget elementor-widget-divider\" data-id=\"7858e89\" data-element_type=\"widget\" data-e-type=\"widget\" data-widget_type=\"divider.default\">\n\t\t\t\t<div class=\"elementor-widget-container\">\n\t\t\t\t\t\t\t<div class=\"elementor-divider\">\n\t\t\t<span class=\"elementor-divider-separator\">\n\t\t\t\t\t\t<\/span>\n\t\t<\/div>\n\t\t\t\t\t\t<\/div>\n\t\t\t\t<\/div>\n\t\t\t\t<section class=\"elementor-section elementor-inner-section elementor-element elementor-element-c6e63a8 elementor-section-boxed elementor-section-height-default elementor-section-height-default\" data-id=\"c6e63a8\" data-element_type=\"section\" data-e-type=\"section\">\n\t\t\t\t\t\t<div class=\"elementor-container elementor-column-gap-default\">\n\t\t\t\t\t<div class=\"elementor-column elementor-col-100 elementor-inner-column elementor-element elementor-element-2225a74\" data-id=\"2225a74\" data-element_type=\"column\" data-e-type=\"column\">\n\t\t\t<div class=\"elementor-widget-wrap elementor-element-populated\">\n\t\t\t\t\t\t<div class=\"elementor-element elementor-element-0183210 elementor-widget elementor-widget-text-editor\" data-id=\"0183210\" data-element_type=\"widget\" data-e-type=\"widget\" data-widget_type=\"text-editor.default\">\n\t\t\t\t<div class=\"elementor-widget-container\">\n\t\t\t\t\t\t\t\t\t<ul><li><a href=\"https:\/\/romchimica.ro\/wp-content\/uploads\/2026\/01\/Radar_report_External_Europe.pdf\" target=\"_blank\" rel=\"noopener\">European chemical closures and investments radar 2022-2025 <\/a><a href=\"https:\/\/romchimica.ro\/wp-content\/uploads\/2018\/11\/raport-sustenabilitate.pdf\" target=\"_blank\" rel=\"noopener\">\u2197<\/a><\/li><li><a href=\"https:\/\/romchimica.ro\/wp-content\/uploads\/2018\/11\/raport-sustenabilitate.pdf\" target=\"_blank\" rel=\"noopener\">Raport dezvoltare sustenabil\u0103 2016 &#8211; AIPROM \u2197<\/a><\/li><li><a href=\"http:\/\/www.cefic.org\/Util\/login.aspx?ReturnUrl=%2fsustainability%2fUN-Sustainable-Goals%2f\">UN Sustainable Goals \u2197<\/a><\/li><li><a href=\"http:\/\/www.cefic.org\/PressReleases\/Cefic-and-Together-for-Sustainability-partner-to-improve-sustainability-practices-within-the-supply-chains.pdf\">PressReleases: Cefic and Together for Sustainability partner to improve sustainability practices within the supply chains \u2197<\/a><\/li><li><a href=\"http:\/\/www.cefic.org\/CeficSustainabilityReport2013-2014\/\" target=\"_blank\" rel=\"noopener\">Cefic Sustainability Report 2013-2014 \u2197 <\/a><\/li><li><a href=\"http:\/\/www.eusew.eu\/\" target=\"_blank\" rel=\"noopener\">http:\/\/www.eusew.eu\/ \u2197<\/a><\/li><li><a href=\"http:\/\/www.cefic.org\/sustainability\/UN-Sustainable-Goals\/\" target=\"_blank\" rel=\"noopener\">http:\/\/www.cefic.org\/sustainability\/UN-Sustainable-Goals\/ \u2197<\/a><\/li><li><a href=\"https:\/\/romchimica.ro\/wp-content\/uploads\/2024\/10\/OECD-Due-Diligence-Guidance-for-Responsible-Business-Conduct.pdf\" target=\"_blank\" rel=\"noopener\">GHIDUL OCDE PENTRU CONDUIT\u0102 RESPONSABIL\u0102 \u00ceN AFACERI \u2197<\/a><\/li><li><a href=\"https:\/\/romchimica.ro\/wp-content\/uploads\/2025\/01\/Cefic-Advancy-study-The-Competitiveness-of-the-European-Chemical-Industry.pdf\" target=\"_blank\" rel=\"noopener\">The Competitiveness of the European Chemical<br \/>Industry- Cefic 2025 \u2197<\/a><\/li><\/ul>\t\t\t\t\t\t\t\t<\/div>\n\t\t\t\t<\/div>\n\t\t\t\t\t<\/div>\n\t\t<\/div>\n\t\t\t\t\t<\/div>\n\t\t<\/section>\n\t\t\t\t<div class=\"elementor-element elementor-element-44f2391 elementor-widget elementor-widget-heading\" data-id=\"44f2391\" data-element_type=\"widget\" data-e-type=\"widget\" data-widget_type=\"heading.default\">\n\t\t\t\t<div class=\"elementor-widget-container\">\n\t\t\t\t\t<h3 class=\"elementor-heading-title elementor-size-default\">Publications<\/h3>\t\t\t\t<\/div>\n\t\t\t\t<\/div>\n\t\t\t\t<div class=\"elementor-element elementor-element-0004b1d elementor-widget-divider--view-line elementor-widget elementor-widget-divider\" data-id=\"0004b1d\" data-element_type=\"widget\" data-e-type=\"widget\" data-widget_type=\"divider.default\">\n\t\t\t\t<div class=\"elementor-widget-container\">\n\t\t\t\t\t\t\t<div class=\"elementor-divider\">\n\t\t\t<span class=\"elementor-divider-separator\">\n\t\t\t\t\t\t<\/span>\n\t\t<\/div>\n\t\t\t\t\t\t<\/div>\n\t\t\t\t<\/div>\n\t\t\t\t<section class=\"elementor-section elementor-inner-section elementor-element elementor-element-2c66ee7 elementor-section-boxed elementor-section-height-default elementor-section-height-default\" data-id=\"2c66ee7\" data-element_type=\"section\" data-e-type=\"section\">\n\t\t\t\t\t\t<div class=\"elementor-container elementor-column-gap-default\">\n\t\t\t\t\t<div class=\"elementor-column elementor-col-100 elementor-inner-column elementor-element elementor-element-f858c62\" data-id=\"f858c62\" data-element_type=\"column\" data-e-type=\"column\">\n\t\t\t<div class=\"elementor-widget-wrap elementor-element-populated\">\n\t\t\t\t\t\t<div class=\"elementor-element elementor-element-4b0009d elementor-widget elementor-widget-text-editor\" data-id=\"4b0009d\" data-element_type=\"widget\" data-e-type=\"widget\" data-widget_type=\"text-editor.default\">\n\t\t\t\t<div class=\"elementor-widget-container\">\n\t\t\t\t\t\t\t\t\t<ul><li>CEFIC a lansat \u00een data de 28 martie 2017, cu ocazia &#8220;Zilei Industriei Europene&#8221;, mini website-ul &#8220;Industria Chimic\u0103 European\u0103 2017&#8221;. <a href=\"http:\/\/www.chemlandscape.cefic.org\/\" target=\"_blank\" rel=\"noopener\">www.chemlandscape.cefic.org<\/a><\/li><li><a href=\"https:\/\/romchimica.ro\/wp-content\/uploads\/2018\/11\/2016-10-03-Cefic-competitiveness-summary.pdf\" target=\"_blank\" rel=\"noopener\">Cefic competitiveness summary<\/a><\/li><li><a href=\"https:\/\/romchimica.ro\/wp-content\/uploads\/2018\/11\/Cefic_Facts-Figures-2016-report_11.10.2016.pdfweb.pdf\" target=\"_blank\" rel=\"noopener\">CEFIC &#8211; Facts and Figures<\/a><\/li><li>CEFIC si Asocia\u021bia Industriei Chimice din Germania (VCI) au lansat un ghid practic privind utilizarea \u00een siguran\u021b\u0103 a amestecurilor chimice conform REACH, reglementarea european\u0103 privind \u00eenregistrarea, evaluarea, autorizarea \u0219i restric\u021bionarea substan\u021belor chimice \u00een vederea protej\u0103rii s\u0103n\u0103t\u0103\u021bii umane \u0219i a mediului \u00eenconjur\u0103tor. <a href=\"https:\/\/romchimica.ro\/wp-content\/uploads\/2018\/11\/REACH-Practical-Guide-on-Safe-Use-Information-for-Mixtures-under-REACH-The-LCID-Methodology.pdf\" target=\"_blank\" rel=\"noopener\">REACH-Practical-Guide-on-Safe-Use-Information-for-Mixtures-under-REACH-The-LCID-Methodology.pdf<\/a><\/li><li><a href=\"https:\/\/romchimica.ro\/wp-content\/uploads\/2018\/11\/Draft-Interim-Report-of-Study-Monitoring-REACH-Impact.pdf\" target=\"_blank\" rel=\"noopener\">Studiul de Monitorizare a Impactului REACH privind Inovarea, Competitivitatea si IMM-urile-Raport Interimar<\/a><\/li><li><a href=\"https:\/\/romchimica.ro\/wp-content\/uploads\/2018\/11\/View-from-Romania-CW-GBB-May-2015.pdf\" target=\"_blank\" rel=\"noopener\">Industria chimic\u0103 \u015fi REACH \u00een Rom\u00e2nia, articol din \u201cChemical Watch\u201d, Mai 2015<\/a><\/li><li><a href=\"https:\/\/romchimica.ro\/wp-content\/uploads\/2018\/11\/Cefic-Sustainability-Report-2013-2014.pdf\" target=\"_blank\" rel=\"noopener\">Industria Chimic\u0103 &#8211; Raportul CEFIC de Sustenabilitate 2013-2014 (englez\u0103)<\/a><\/li><li><a href=\"http:\/\/ccir.ro\/2015\/04\/20\/ccir-si-csop-au-lansat-studiul-privind-perceptia-mediului-de-afaceri-asupra-economiei\/\" target=\"_blank\" rel=\"noopener\">CCIR \u015fi CSOP au lansat studiul privind percep\u0163ia mediului de afaceri asupra economiei<\/a><\/li><li><a href=\"https:\/\/eur-lex.europa.eu\/legal-content\/ro\/TXT\/PDF\/?uri=CELEX:02008R1272-20180301&amp;from=EN\" target=\"_blank\" rel=\"noopener\">Regulament CE 1272\/2008: Clasificarea, etichetarea si ambalarea substan\u021belor \u0219i a amestecurilor (CLP)<\/a><\/li><li><a href=\"https:\/\/cefic.org\/a-solution-provider-for-sustainability\/chemical-recycling-making-plastics-circular\/\" target=\"_blank\" rel=\"noopener\">Chemical recycling making plastics circular<\/a><\/li><li><a href=\"https:\/\/www.essers.com\/en\/media\/news\/pharma-logistics-specialist-h-essers-takes-care-of-distribution-covid-19-vaccines\/\" target=\"_blank\" rel=\"noopener\">Pharma logistics specialist H.Essers takes care of distribution COVID-19 vaccines<\/a><\/li><li>CEFIC a lansat, odat\u0103 cu publicarea Transition Pathway de c\u0103tre Comisia European\u0103, website-ul <a href=\"https:\/\/transition-pathway.cefic.org\" target=\"_blank\" rel=\"noopener\">https:\/\/transition-pathway.cefic.org<\/a><\/li><\/ul>\t\t\t\t\t\t\t\t<\/div>\n\t\t\t\t<\/div>\n\t\t\t\t\t<\/div>\n\t\t<\/div>\n\t\t\t\t\t<\/div>\n\t\t<\/section>\n\t\t\t\t\t<\/div>\n\t\t<\/div>\n\t\t\t\t\t<\/div>\n\t\t<\/section>\n\t\t\t\t<section class=\"elementor-section elementor-top-section elementor-element elementor-element-ffcb498 elementor-section-content-middle elementor-section-boxed elementor-section-height-default elementor-section-height-default\" data-id=\"ffcb498\" data-element_type=\"section\" data-e-type=\"section\" data-settings=\"{&quot;background_background&quot;:&quot;classic&quot;}\">\n\t\t\t\t\t\t\t<div class=\"elementor-background-overlay\"><\/div>\n\t\t\t\t\t\t\t<div class=\"elementor-container elementor-column-gap-default\">\n\t\t\t\t\t<div class=\"elementor-column elementor-col-50 elementor-top-column elementor-element elementor-element-e858b32\" data-id=\"e858b32\" data-element_type=\"column\" data-e-type=\"column\">\n\t\t\t<div class=\"elementor-widget-wrap elementor-element-populated\">\n\t\t\t\t\t\t<div class=\"elementor-element elementor-element-50d4bc6 elementor-widget elementor-widget-heading\" data-id=\"50d4bc6\" data-element_type=\"widget\" data-e-type=\"widget\" data-widget_type=\"heading.default\">\n\t\t\t\t<div class=\"elementor-widget-container\">\n\t\t\t\t\t<h2 class=\"elementor-heading-title elementor-size-default\">S\u0103 lu\u0103m leg\u0103tura<\/h2>\t\t\t\t<\/div>\n\t\t\t\t<\/div>\n\t\t\t\t\t<\/div>\n\t\t<\/div>\n\t\t\t\t<div class=\"elementor-column elementor-col-50 elementor-top-column elementor-element elementor-element-d3c5862\" data-id=\"d3c5862\" data-element_type=\"column\" data-e-type=\"column\">\n\t\t\t<div class=\"elementor-widget-wrap elementor-element-populated\">\n\t\t\t\t\t\t<div class=\"elementor-element elementor-element-702d1af elementor-align-center elementor-widget elementor-widget-button\" data-id=\"702d1af\" data-element_type=\"widget\" data-e-type=\"widget\" data-widget_type=\"button.default\">\n\t\t\t\t<div class=\"elementor-widget-container\">\n\t\t\t\t\t\t\t\t\t<div class=\"elementor-button-wrapper\">\n\t\t\t\t\t<a class=\"elementor-button elementor-button-link elementor-size-sm\" href=\"https:\/\/romchimica.ro\/en\/contact-apdcr\/\">\n\t\t\t\t\t\t<span class=\"elementor-button-content-wrapper\">\n\t\t\t\t\t\t\t\t\t<span class=\"elementor-button-text\">Contacta\u021bi-ne<\/span>\n\t\t\t\t\t<\/span>\n\t\t\t\t\t<\/a>\n\t\t\t\t<\/div>\n\t\t\t\t\t\t\t\t<\/div>\n\t\t\t\t<\/div>\n\t\t\t\t\t<\/div>\n\t\t<\/div>\n\t\t\t\t\t<\/div>\n\t\t<\/section>\n\t\t\t\t<\/div>\n\t\t","protected":false},"excerpt":{"rendered":"<p>Reports European chemical closures and investments radar 2022-2025 \u2197 Raport dezvoltare sustenabil\u0103 2016 &#8211; AIPROM \u2197 UN Sustainable Goals \u2197 PressReleases: Cefic and Together for Sustainability partner to improve sustainability practices within the supply chains \u2197 Cefic Sustainability Report 2013-2014 \u2197 http:\/\/www.eusew.eu\/ \u2197 http:\/\/www.cefic.org\/sustainability\/UN-Sustainable-Goals\/ \u2197 GHIDUL OCDE PENTRU CONDUIT\u0102 RESPONSABIL\u0102 \u00ceN AFACERI \u2197 The Competitiveness [&hellip;]<\/p>\n","protected":false},"author":1,"featured_media":0,"parent":0,"menu_order":0,"comment_status":"closed","ping_status":"closed","template":"","meta":{"ocean_post_layout":"full-width","ocean_both_sidebars_style":"","ocean_both_sidebars_content_width":0,"ocean_both_sidebars_sidebars_width":0,"ocean_sidebar":"0","ocean_second_sidebar":"0","ocean_disable_margins":"enable","ocean_add_body_class":"","ocean_shortcode_before_top_bar":"","ocean_shortcode_after_top_bar":"","ocean_shortcode_before_header":"","ocean_shortcode_after_header":"","ocean_has_shortcode":"","ocean_shortcode_after_title":"","ocean_shortcode_before_footer_widgets":"","ocean_shortcode_after_footer_widgets":"","ocean_shortcode_before_footer_bottom":"","ocean_shortcode_after_footer_bottom":"","ocean_display_top_bar":"default","ocean_display_header":"default","ocean_header_style":"","ocean_center_header_left_menu":"0","ocean_custom_header_template":"0","ocean_custom_logo":0,"ocean_custom_retina_logo":0,"ocean_custom_logo_max_width":0,"ocean_custom_logo_tablet_max_width":0,"ocean_custom_logo_mobile_max_width":0,"ocean_custom_logo_max_height":0,"ocean_custom_logo_tablet_max_height":0,"ocean_custom_logo_mobile_max_height":0,"ocean_header_custom_menu":"0","ocean_menu_typo_font_family":"0","ocean_menu_typo_font_subset":"","ocean_menu_typo_font_size":0,"ocean_menu_typo_font_size_tablet":0,"ocean_menu_typo_font_size_mobile":0,"ocean_menu_typo_font_size_unit":"px","ocean_menu_typo_font_weight":"","ocean_menu_typo_font_weight_tablet":"","ocean_menu_typo_font_weight_mobile":"","ocean_menu_typo_transform":"","ocean_menu_typo_transform_tablet":"","ocean_menu_typo_transform_mobile":"","ocean_menu_typo_line_height":0,"ocean_menu_typo_line_height_tablet":0,"ocean_menu_typo_line_height_mobile":0,"ocean_menu_typo_line_height_unit":"","ocean_menu_typo_spacing":0,"ocean_menu_typo_spacing_tablet":0,"ocean_menu_typo_spacing_mobile":0,"ocean_menu_typo_spacing_unit":"","ocean_menu_link_color":"","ocean_menu_link_color_hover":"","ocean_menu_link_color_active":"","ocean_menu_link_background":"","ocean_menu_link_hover_background":"","ocean_menu_link_active_background":"","ocean_menu_social_links_bg":"","ocean_menu_social_hover_links_bg":"","ocean_menu_social_links_color":"","ocean_menu_social_hover_links_color":"","ocean_disable_title":"default","ocean_disable_heading":"default","ocean_post_title":"","ocean_post_subheading":"","ocean_post_title_style":"","ocean_post_title_background_color":"","ocean_post_title_background":0,"ocean_post_title_bg_image_position":"","ocean_post_title_bg_image_attachment":"","ocean_post_title_bg_image_repeat":"","ocean_post_title_bg_image_size":"","ocean_post_title_height":400,"ocean_post_title_bg_overlay":0.5,"ocean_post_title_bg_overlay_color":"","ocean_disable_breadcrumbs":"default","ocean_breadcrumbs_color":"","ocean_breadcrumbs_separator_color":"","ocean_breadcrumbs_links_color":"","ocean_breadcrumbs_links_hover_color":"","ocean_display_footer_widgets":"default","ocean_display_footer_bottom":"default","ocean_custom_footer_template":"0","footnotes":""},"class_list":["post-511","page","type-page","status-publish","hentry","entry"],"_links":{"self":[{"href":"https:\/\/romchimica.ro\/en\/wp-json\/wp\/v2\/pages\/511","targetHints":{"allow":["GET"]}}],"collection":[{"href":"https:\/\/romchimica.ro\/en\/wp-json\/wp\/v2\/pages"}],"about":[{"href":"https:\/\/romchimica.ro\/en\/wp-json\/wp\/v2\/types\/page"}],"author":[{"embeddable":true,"href":"https:\/\/romchimica.ro\/en\/wp-json\/wp\/v2\/users\/1"}],"replies":[{"embeddable":true,"href":"https:\/\/romchimica.ro\/en\/wp-json\/wp\/v2\/comments?post=511"}],"version-history":[{"count":2,"href":"https:\/\/romchimica.ro\/en\/wp-json\/wp\/v2\/pages\/511\/revisions"}],"predecessor-version":[{"id":3030,"href":"https:\/\/romchimica.ro\/en\/wp-json\/wp\/v2\/pages\/511\/revisions\/3030"}],"wp:attachment":[{"href":"https:\/\/romchimica.ro\/en\/wp-json\/wp\/v2\/media?parent=511"}],"curies":[{"name":"wp","href":"https:\/\/api.w.org\/{rel}","templated":true}]}}