{"id":464,"date":"2017-08-19T00:35:58","date_gmt":"2017-08-18T21:35:58","guid":{"rendered":"https:\/\/romchimica.ro\/about-us\/"},"modified":"2023-06-07T15:59:29","modified_gmt":"2023-06-07T12:59:29","slug":"about-us","status":"publish","type":"page","link":"https:\/\/romchimica.ro\/en\/about-us\/","title":{"rendered":"About"},"content":{"rendered":"\t\t<div data-elementor-type=\"wp-post\" data-elementor-id=\"464\" class=\"elementor elementor-464 elementor-68\" data-elementor-post-type=\"page\">\n\t\t\t\t\t\t<section class=\"elementor-section elementor-top-section elementor-element elementor-element-gviitku elementor-section-boxed elementor-section-height-default elementor-section-height-default\" data-id=\"gviitku\" data-element_type=\"section\" data-e-type=\"section\">\n\t\t\t\t\t\t<div class=\"elementor-container elementor-column-gap-default\">\n\t\t\t\t\t<div class=\"elementor-column elementor-col-100 elementor-top-column elementor-element elementor-element-gndzlrb\" data-id=\"gndzlrb\" data-element_type=\"column\" data-e-type=\"column\">\n\t\t\t<div class=\"elementor-widget-wrap elementor-element-populated\">\n\t\t\t\t\t\t<div class=\"elementor-element elementor-element-paehxdx no-margin elementor-widget elementor-widget-heading\" data-id=\"paehxdx\" data-element_type=\"widget\" data-e-type=\"widget\" data-widget_type=\"heading.default\">\n\t\t\t\t<div class=\"elementor-widget-container\">\n\t\t\t\t\t<h1 class=\"elementor-heading-title elementor-size-default\">Romanian Chemical Companies Association<\/h1>\t\t\t\t<\/div>\n\t\t\t\t<\/div>\n\t\t\t\t<div class=\"elementor-element elementor-element-hcppxau elementor-widget-divider--view-line elementor-widget elementor-widget-divider\" data-id=\"hcppxau\" data-element_type=\"widget\" data-e-type=\"widget\" data-widget_type=\"divider.default\">\n\t\t\t\t<div class=\"elementor-widget-container\">\n\t\t\t\t\t\t\t<div class=\"elementor-divider\">\n\t\t\t<span class=\"elementor-divider-separator\">\n\t\t\t\t\t\t<\/span>\n\t\t<\/div>\n\t\t\t\t\t\t<\/div>\n\t\t\t\t<\/div>\n\t\t\t\t<div class=\"elementor-element elementor-element-bekposr elementor-widget elementor-widget-text-editor\" data-id=\"bekposr\" data-element_type=\"widget\" data-e-type=\"widget\" id=\"profil\" data-widget_type=\"text-editor.default\">\n\t\t\t\t<div class=\"elementor-widget-container\">\n\t\t\t\t\t\t\t\t\t<h3>Profilul organiza\u0163iei<\/h3><p>Romanian Chemical Companies Association &#8211; ROMCHIMICA este o organiza\u0163ie non-profit, non-guvernamental\u0103, \u00eenfiin\u0163at\u0103 \u00een luna august 2013. Acest demers a fost ini\u0163iat \u00een urma lipsei unei reprezent\u0103ri efective a industriei chimice \u00een raport cu partenerii de dialog interni \u015fi externi, fapt care genera, cel pu\u0163in, disfunc\u0163ii \u00een comunicarea func\u0163ional\u0103 la nivel de ramur\u0103 industrial\u0103.<\/p><p>ROMCHIMICA s-a \u00eenfiin\u0163at cu sprijnul CEFIC (Consiliul European al Industriei Chimice ), ca r\u0103spuns la necesitatea stringent\u0103 a industriei chimice rom\u00e2ne\u015fti de a avea o voce care s\u0103 o reprezinte, at\u00e2t la nivel national c\u00e2t \u015fi interna\u0163ional.<\/p>\t\t\t\t\t\t\t\t<\/div>\n\t\t\t\t<\/div>\n\t\t\t\t<div class=\"elementor-element elementor-element-8214609 elementor-widget elementor-widget-text-editor\" data-id=\"8214609\" data-element_type=\"widget\" data-e-type=\"widget\" id=\"misiune\" data-widget_type=\"text-editor.default\">\n\t\t\t\t<div class=\"elementor-widget-container\">\n\t\t\t\t\t\t\t\t\t<h3>Misiunea ROMCHIMICA<\/h3><p>Prin misiunea sa, ROMCHIMICA promoveaz\u0103 interesele \u015ftiin\u0163ifice, tehnice, de mediu, economice \u015fi juridice ale societ\u0103\u0163ilor \u00eenfiin\u0163ate \u00een Rom\u00e2nia din sectoarele chimic, petrochimic, plastic \u015fi farmaceutic contribuind la dezvoltarea durabil\u0103 a acestora.<\/p><p>ROMCHIMICA, ca partener al factorilor decizionali din Romania, \u00ee\u015fi propune s\u0103 faciliteze at\u00e2t dialogul cu industria dar \u015fi schimbul amplu de expertiz\u0103, plas\u00e2nd \u00een acest fel industria chimic\u0103 din Rom\u00e2nia la rangul de contributor activ, de \u00eencredere \u015fi apreciat de societate.<\/p>\t\t\t\t\t\t\t\t<\/div>\n\t\t\t\t<\/div>\n\t\t\t\t<div class=\"elementor-element elementor-element-03ecf3c elementor-widget elementor-widget-text-editor\" data-id=\"03ecf3c\" data-element_type=\"widget\" data-e-type=\"widget\" id=\"obiective\" data-widget_type=\"text-editor.default\">\n\t\t\t\t<div class=\"elementor-widget-container\">\n\t\t\t\t\t\t\t\t\t<h3>Obiectivele ROMCHIMICA<\/h3><ul><li>Analiza \u015fi elaborarea unor solu\u0163ii consolidate la chestiunile de interes pentru industria reprezentat\u0103<\/li><li>Stabilirea \u015fi aplicarea unor planuri de m\u0103suri pentru ca recomand\u0103rile, legile \u015fi \u00eendrum\u0103rile tehnice, stiin\u0163ifice \u015fi de reglementare emise de organismele europene s\u0103 fie corect interpretate<\/li><li>Desf\u0103\u015furarea de ac\u0163iuni de informare \u015fi promovare a unor pozi\u0163ii convergente \u00een probleme de interes reciproc, \u00eempreun\u0103 cu partenerii interesa\u0163i<\/li><li>Asigurarea unor rela\u0163ii deschise cu mass media si promovarea unei imagini corecte a activit\u0103\u0163ilor membrilor asocia\u0163iei.<\/li><\/ul>\t\t\t\t\t\t\t\t<\/div>\n\t\t\t\t<\/div>\n\t\t\t\t<div class=\"elementor-element elementor-element-cde253c elementor-widget elementor-widget-text-editor\" data-id=\"cde253c\" data-element_type=\"widget\" data-e-type=\"widget\" id=\"activitate\" data-widget_type=\"text-editor.default\">\n\t\t\t\t<div class=\"elementor-widget-container\">\n\t\t\t\t\t\t\t\t\t<h3>Activitatea \u015fi priorit\u0103\u0163ile ROMCHIMICA<\/h3><p>Activitatea \u00een cadrul asocia\u0163iei noastre are ca priorit\u0103\u0163i:<\/p><ul><li>Urm\u0103rirea \u015fi sus\u0163inerea implement\u0103rii REACH (Regulation on Registration, Evaluation, Authorisation and Restriction of Chemicals)<\/li><li>Dezvoltarea programului de \u00cengrijire Responsabil\u0103 (Responsible Care) ca \u015fi a altor Programe asem\u0103n\u0103toare \u00een Rom\u00e2nia<\/li><li>Urm\u0103rirea \u015fi sus\u0163inerea Politicii Energetice la nivel Na\u0163ional \u015fi European<\/li><li>Sprijinirea programelor care sus\u0163in dezvoltarea durabil\u0103 \u015fi sustenabilitatea<\/li><li>Sus\u0163inerea implement\u0103rii eficace a Standardelor \u015fi Regulamentelor Europene aplicabile, acolo unde este identificat\u0103 necesitatea unor activit\u0103\u0163i suplimentare celor desf\u0103\u015furate de organismele legislative \u00een drept<\/li><\/ul><p>Priorit\u0103\u0163ile activit\u0103\u0163ilor sunt actualizate \u00een func\u0163ie de importan\u0163a \u015fi situa\u0163ia la nivel na\u0163ional, printr-un permanent dialog cu membrii \u015fi partenerii de lucru.<\/p><p>\u00centreaga activitate a asocia\u0163iei se desf\u0103\u0219oar\u0103 cu respectarea strict\u0103 a legisla\u0163iei comunitare \u015fi na\u0163ionale privind concuren\u0163a.<\/p>\t\t\t\t\t\t\t\t<\/div>\n\t\t\t\t<\/div>\n\t\t\t\t\t<\/div>\n\t\t<\/div>\n\t\t\t\t\t<\/div>\n\t\t<\/section>\n\t\t\t\t<\/div>\n\t\t","protected":false},"excerpt":{"rendered":"<p>Romanian Chemical Companies Association Profilul organiza\u0163iei Romanian Chemical Companies Association &#8211; ROMCHIMICA este o organiza\u0163ie non-profit, non-guvernamental\u0103, \u00eenfiin\u0163at\u0103 \u00een luna august 2013. Acest demers a fost ini\u0163iat \u00een urma lipsei unei reprezent\u0103ri efective a industriei chimice \u00een raport cu partenerii de dialog interni \u015fi externi, fapt care genera, cel pu\u0163in, disfunc\u0163ii \u00een comunicarea func\u0163ional\u0103 la [&hellip;]<\/p>\n","protected":false},"author":1,"featured_media":0,"parent":0,"menu_order":0,"comment_status":"closed","ping_status":"closed","template":"","meta":{"ocean_post_layout":"full-screen","ocean_both_sidebars_style":"","ocean_both_sidebars_content_width":0,"ocean_both_sidebars_sidebars_width":0,"ocean_sidebar":"0","ocean_second_sidebar":"0","ocean_disable_margins":"on","ocean_add_body_class":"","ocean_shortcode_before_top_bar":"","ocean_shortcode_after_top_bar":"","ocean_shortcode_before_header":"","ocean_shortcode_after_header":"","ocean_has_shortcode":"","ocean_shortcode_after_title":"","ocean_shortcode_before_footer_widgets":"","ocean_shortcode_after_footer_widgets":"","ocean_shortcode_before_footer_bottom":"","ocean_shortcode_after_footer_bottom":"","ocean_display_top_bar":"default","ocean_display_header":"default","ocean_header_style":"","ocean_center_header_left_menu":"0","ocean_custom_header_template":"0","ocean_custom_logo":0,"ocean_custom_retina_logo":0,"ocean_custom_logo_max_width":0,"ocean_custom_logo_tablet_max_width":0,"ocean_custom_logo_mobile_max_width":0,"ocean_custom_logo_max_height":0,"ocean_custom_logo_tablet_max_height":0,"ocean_custom_logo_mobile_max_height":0,"ocean_header_custom_menu":"0","ocean_menu_typo_font_family":"0","ocean_menu_typo_font_subset":"","ocean_menu_typo_font_size":0,"ocean_menu_typo_font_size_tablet":0,"ocean_menu_typo_font_size_mobile":0,"ocean_menu_typo_font_size_unit":"px","ocean_menu_typo_font_weight":"","ocean_menu_typo_font_weight_tablet":"","ocean_menu_typo_font_weight_mobile":"","ocean_menu_typo_transform":"","ocean_menu_typo_transform_tablet":"","ocean_menu_typo_transform_mobile":"","ocean_menu_typo_line_height":0,"ocean_menu_typo_line_height_tablet":0,"ocean_menu_typo_line_height_mobile":0,"ocean_menu_typo_line_height_unit":"","ocean_menu_typo_spacing":0,"ocean_menu_typo_spacing_tablet":0,"ocean_menu_typo_spacing_mobile":0,"ocean_menu_typo_spacing_unit":"","ocean_menu_link_color":"","ocean_menu_link_color_hover":"","ocean_menu_link_color_active":"","ocean_menu_link_background":"","ocean_menu_link_hover_background":"","ocean_menu_link_active_background":"","ocean_menu_social_links_bg":"","ocean_menu_social_hover_links_bg":"","ocean_menu_social_links_color":"","ocean_menu_social_hover_links_color":"","ocean_disable_title":"default","ocean_disable_heading":"default","ocean_post_title":"","ocean_post_subheading":"","ocean_post_title_style":"","ocean_post_title_background_color":"","ocean_post_title_background":0,"ocean_post_title_bg_image_position":"","ocean_post_title_bg_image_attachment":"","ocean_post_title_bg_image_repeat":"","ocean_post_title_bg_image_size":"","ocean_post_title_height":400,"ocean_post_title_bg_overlay":0.5,"ocean_post_title_bg_overlay_color":"#000066","ocean_disable_breadcrumbs":"default","ocean_breadcrumbs_color":"","ocean_breadcrumbs_separator_color":"","ocean_breadcrumbs_links_color":"","ocean_breadcrumbs_links_hover_color":"","ocean_display_footer_widgets":"default","ocean_display_footer_bottom":"default","ocean_custom_footer_template":"0","footnotes":""},"class_list":["post-464","page","type-page","status-publish","hentry","entry"],"_links":{"self":[{"href":"https:\/\/romchimica.ro\/en\/wp-json\/wp\/v2\/pages\/464","targetHints":{"allow":["GET"]}}],"collection":[{"href":"https:\/\/romchimica.ro\/en\/wp-json\/wp\/v2\/pages"}],"about":[{"href":"https:\/\/romchimica.ro\/en\/wp-json\/wp\/v2\/types\/page"}],"author":[{"embeddable":true,"href":"https:\/\/romchimica.ro\/en\/wp-json\/wp\/v2\/users\/1"}],"replies":[{"embeddable":true,"href":"https:\/\/romchimica.ro\/en\/wp-json\/wp\/v2\/comments?post=464"}],"version-history":[{"count":2,"href":"https:\/\/romchimica.ro\/en\/wp-json\/wp\/v2\/pages\/464\/revisions"}],"predecessor-version":[{"id":2506,"href":"https:\/\/romchimica.ro\/en\/wp-json\/wp\/v2\/pages\/464\/revisions\/2506"}],"wp:attachment":[{"href":"https:\/\/romchimica.ro\/en\/wp-json\/wp\/v2\/media?parent=464"}],"curies":[{"name":"wp","href":"https:\/\/api.w.org\/{rel}","templated":true}]}}