{"id":1575,"date":"2019-11-22T12:09:58","date_gmt":"2019-11-22T10:09:58","guid":{"rendered":"https:\/\/romchimica.ro\/?page_id=1575"},"modified":"2019-11-22T13:30:43","modified_gmt":"2019-11-22T11:30:43","slug":"kemcristal","status":"publish","type":"page","link":"https:\/\/romchimica.ro\/en\/kemcristal\/","title":{"rendered":"KEMCRISTAL"},"content":{"rendered":"\n<figure class=\"wp-block-image size-large\"><img fetchpriority=\"high\" decoding=\"async\" width=\"516\" height=\"120\" src=\"https:\/\/romchimica.ro\/wp-content\/uploads\/2019\/11\/kemcristal.png\" alt=\"\" class=\"wp-image-1580\" srcset=\"https:\/\/romchimica.ro\/wp-content\/uploads\/2019\/11\/kemcristal.png 516w, https:\/\/romchimica.ro\/wp-content\/uploads\/2019\/11\/kemcristal-300x70.png 300w\" sizes=\"(max-width: 516px) 100vw, 516px\" \/><\/figure>\n\n\n\n<p>Our  company was founded in 199 7 and since then we are  constantly developing in manufacturing and trading a large portofolio of  chemical products for potable and wastewater treatment <\/p>\n\n\n\n<p>Our factory  area covers 30 000 square meters and has more than 1 00 employees. We  provide expertise, application know how and chemicals  that benefit our customers by optimizing product quality and yield,  enhancing process and energy efficiency, and ensuring that water  quality meets end use specifications and regulatory requirements.<\/p>\n\n\n\n<p>We produce and commercialize  all types of chemical s for water industry.<\/p>\n\n\n\n<p>Download PDF &#8211; <a href=\"https:\/\/romchimica.ro\/wp-content\/uploads\/2019\/11\/About-Kemcristal-Romania.pdf\" target=\"_blank\" rel=\"noreferrer noopener\" aria-label=\" (se deschide \u00eentr-o fil\u0103 nou\u0103)\">About KEMCRISTAL ROMANIA.<\/a><\/p>\n\n\n\n<p>You can find more information on our website: <a href=\"https:\/\/kemcristal.ro\/\" target=\"_blank\" rel=\"noreferrer noopener\" aria-label=\" (se deschide \u00eentr-o fil\u0103 nou\u0103)\">kemcristal.ro<\/a><\/p>\n\n\n\n<p>&nbsp;<\/p>\n","protected":false},"excerpt":{"rendered":"<p>Our company was founded in 199 7 and since then we are constantly developing in manufacturing and trading a large portofolio of chemical products for potable and wastewater treatment Our factory area covers 30 000 square meters and has more than 1 00 employees. We provide expertise, application know how and chemicals that benefit our [&hellip;]<\/p>\n","protected":false},"author":1,"featured_media":0,"parent":0,"menu_order":0,"comment_status":"closed","ping_status":"closed","template":"","meta":{"ocean_post_layout":"full-width","ocean_both_sidebars_style":"","ocean_both_sidebars_content_width":0,"ocean_both_sidebars_sidebars_width":0,"ocean_sidebar":"0","ocean_second_sidebar":"0","ocean_disable_margins":"enable","ocean_add_body_class":"","ocean_shortcode_before_top_bar":"","ocean_shortcode_after_top_bar":"","ocean_shortcode_before_header":"","ocean_shortcode_after_header":"","ocean_has_shortcode":"","ocean_shortcode_after_title":"","ocean_shortcode_before_footer_widgets":"","ocean_shortcode_after_footer_widgets":"","ocean_shortcode_before_footer_bottom":"","ocean_shortcode_after_footer_bottom":"","ocean_display_top_bar":"default","ocean_display_header":"default","ocean_header_style":"","ocean_center_header_left_menu":"0","ocean_custom_header_template":"0","ocean_custom_logo":0,"ocean_custom_retina_logo":0,"ocean_custom_logo_max_width":0,"ocean_custom_logo_tablet_max_width":0,"ocean_custom_logo_mobile_max_width":0,"ocean_custom_logo_max_height":0,"ocean_custom_logo_tablet_max_height":0,"ocean_custom_logo_mobile_max_height":0,"ocean_header_custom_menu":"0","ocean_menu_typo_font_family":"0","ocean_menu_typo_font_subset":"","ocean_menu_typo_font_size":0,"ocean_menu_typo_font_size_tablet":0,"ocean_menu_typo_font_size_mobile":0,"ocean_menu_typo_font_size_unit":"px","ocean_menu_typo_font_weight":"","ocean_menu_typo_font_weight_tablet":"","ocean_menu_typo_font_weight_mobile":"","ocean_menu_typo_transform":"","ocean_menu_typo_transform_tablet":"","ocean_menu_typo_transform_mobile":"","ocean_menu_typo_line_height":0,"ocean_menu_typo_line_height_tablet":0,"ocean_menu_typo_line_height_mobile":0,"ocean_menu_typo_line_height_unit":"","ocean_menu_typo_spacing":0,"ocean_menu_typo_spacing_tablet":0,"ocean_menu_typo_spacing_mobile":0,"ocean_menu_typo_spacing_unit":"","ocean_menu_link_color":"","ocean_menu_link_color_hover":"","ocean_menu_link_color_active":"","ocean_menu_link_background":"","ocean_menu_link_hover_background":"","ocean_menu_link_active_background":"","ocean_menu_social_links_bg":"","ocean_menu_social_hover_links_bg":"","ocean_menu_social_links_color":"","ocean_menu_social_hover_links_color":"","ocean_disable_title":"default","ocean_disable_heading":"default","ocean_post_title":"","ocean_post_subheading":"","ocean_post_title_style":"","ocean_post_title_background_color":"","ocean_post_title_background":0,"ocean_post_title_bg_image_position":"","ocean_post_title_bg_image_attachment":"","ocean_post_title_bg_image_repeat":"","ocean_post_title_bg_image_size":"","ocean_post_title_height":0,"ocean_post_title_bg_overlay":0.5,"ocean_post_title_bg_overlay_color":"","ocean_disable_breadcrumbs":"default","ocean_breadcrumbs_color":"","ocean_breadcrumbs_separator_color":"","ocean_breadcrumbs_links_color":"","ocean_breadcrumbs_links_hover_color":"","ocean_display_footer_widgets":"default","ocean_display_footer_bottom":"default","ocean_custom_footer_template":"0","footnotes":""},"class_list":["post-1575","page","type-page","status-publish","hentry","entry"],"_links":{"self":[{"href":"https:\/\/romchimica.ro\/en\/wp-json\/wp\/v2\/pages\/1575","targetHints":{"allow":["GET"]}}],"collection":[{"href":"https:\/\/romchimica.ro\/en\/wp-json\/wp\/v2\/pages"}],"about":[{"href":"https:\/\/romchimica.ro\/en\/wp-json\/wp\/v2\/types\/page"}],"author":[{"embeddable":true,"href":"https:\/\/romchimica.ro\/en\/wp-json\/wp\/v2\/users\/1"}],"replies":[{"embeddable":true,"href":"https:\/\/romchimica.ro\/en\/wp-json\/wp\/v2\/comments?post=1575"}],"version-history":[{"count":2,"href":"https:\/\/romchimica.ro\/en\/wp-json\/wp\/v2\/pages\/1575\/revisions"}],"predecessor-version":[{"id":1590,"href":"https:\/\/romchimica.ro\/en\/wp-json\/wp\/v2\/pages\/1575\/revisions\/1590"}],"wp:attachment":[{"href":"https:\/\/romchimica.ro\/en\/wp-json\/wp\/v2\/media?parent=1575"}],"curies":[{"name":"wp","href":"https:\/\/api.w.org\/{rel}","templated":true}]}}